{"id":7,"date":"2020-05-19T15:57:23","date_gmt":"2020-05-19T13:57:23","guid":{"rendered":"http:\/\/kinaos.be\/?page_id=7"},"modified":"2023-03-01T16:18:49","modified_gmt":"2023-03-01T15:18:49","slug":"accueil","status":"publish","type":"page","link":"https:\/\/kinaos.be\/","title":{"rendered":"Accueil"},"content":{"rendered":"<div id=\"home-anchor\"><\/div>\r\n<section class=\"first-block\"><img decoding=\"async\" class=\"first-block-bg\"\r\n        src=\"https:\/\/kinaos.be\/wp-content\/uploads\/2020\/05\/kinaos-illustration-banner.png\" alt=\"\" \/>\r\n    <div class=\"first-block-infos\">\r\n        <h3>Nivelles<\/h3>\r\n        <h1>Centre M\u00e9dical<\/h1>\r\n        <button data-aos=\"fade-up\" data-aos-delay=\"2000\" data-aos-duration=\"1000\"><a href=\"#contact-anchor\">Prendre\r\n                rendez-vous<\/a><\/button>\r\n        <div class=\"first-block-activites-div\">\r\n            <a class=\"activite-element\" href=\"#kinesitherapie-anchor\">\r\n                <img decoding=\"async\" class=\"picto\"\r\n                    src=\"https:\/\/kinaos.be\/wp-content\/uploads\/2020\/05\/kinaos_kinesitherapie_du_sport-white.png\"\r\n                    alt=\"\" \/>\r\n                <h2>Kin\u00e9sith\u00e9rapie du sport<\/h2>\r\n                <img decoding=\"async\" class=\"arrow-down\" src=\"https:\/\/kinaos.be\/wp-content\/uploads\/2020\/05\/multimedia.png\" alt=\"\" \/>\r\n            <\/a>\r\n            <a class=\"activite-element\" href=\"#osteopathie-anchor\">\r\n                <img decoding=\"async\" class=\"picto\" src=\"https:\/\/kinaos.be\/wp-content\/uploads\/2020\/05\/kinaos-osteopathie-white.png\"\r\n                    alt=\"\" \/>\r\n                <h2>Ost\u00e9opathie<\/h2>\r\n                <img decoding=\"async\" class=\"arrow-down\" src=\"https:\/\/kinaos.be\/wp-content\/uploads\/2020\/05\/multimedia.png\" alt=\"\" \/>\r\n            <\/a>\r\n            <a class=\"activite-element\" href=\"#medecine-sport-anchor\">\r\n                <img decoding=\"async\" class=\"picto\" src=\"https:\/\/kinaos.be\/wp-content\/uploads\/2020\/05\/kinaos-medecine_du_sport-white.png\"\r\n                    alt=\"\" \/>\r\n                <h2>M\u00e9decine du sport<\/h2>\r\n                <img decoding=\"async\" class=\"arrow-down\" src=\"https:\/\/kinaos.be\/wp-content\/uploads\/2020\/05\/multimedia.png\" alt=\"\" \/>\r\n            <\/a>\r\n            <a class=\"activite-element\" href=\"#podologie-anchor\">\r\n                <img decoding=\"async\" class=\"picto\" src=\"https:\/\/kinaos.be\/wp-content\/uploads\/2023\/03\/kinaos-podologie-white-1.png\"\r\n                    alt=\"\" \/>\r\n                <h2>Podologie<\/h2>\r\n                <img decoding=\"async\" class=\"arrow-down\" src=\"https:\/\/kinaos.be\/wp-content\/uploads\/2020\/05\/multimedia.png\" alt=\"\" \/>\r\n            <\/a>\r\n        <\/div>\r\n    <\/div>\r\n<\/section><!--=================SECOND BLOCK=======================-->\r\n\r\n<section class=\"second-block\">\r\n    <div class=\"second-block-horizontal-container\">\r\n        <div class=\"second-block-img\"><img decoding=\"async\" class=\"second-block-picto\"\r\n                src=\"https:\/\/kinaos.be\/wp-content\/uploads\/2020\/05\/kinaos-picto.png\" alt=\"\" \/><\/div>\r\n        <div class=\"second-block-infos\">\r\n            <p>Chercher l\u2019origine de la douleur, \u00e9tablir un diagnostic pr\u00e9cis, programmer une r\u00e9\u00e9ducation fonctionnelle\r\n                personnalis\u00e9e, avoir une approche pr\u00e9ventive \u2026 tout devient un travail d\u2019\u00e9quipe !<\/p>\r\n        <\/div>\r\n    <\/div>\r\n<\/section><!--==============THIRD BLOCK====================-->\r\n<div id=\"kinesitherapie-anchor\"><\/div>\r\n<section class=\"third-block\" data-aos=\"fade-up\" data-aos-duration=\"1000\">\r\n    <div class=\"third-block-main-container\">\r\n        <div class=\"third-block-two-elements\">\r\n            <div class=\"text-container\">\r\n                <h2>Kin\u00e9sith\u00e9rapie du sport<\/h2>\r\n                <h3>Fran\u00e7ois Allard<\/h3>\r\n                <img decoding=\"async\" class=\"third-picto\"\r\n                    src=\"https:\/\/kinaos.be\/wp-content\/uploads\/2020\/05\/kinaos_kinesitherapie_du_sport-white.png\"\r\n                    alt=\"\" \/>\r\n\r\n            <\/div>\r\n            <div class=\"pic-container\"><img loading=\"lazy\" decoding=\"async\" class=\"alignnone size-medium wp-image-164\"\r\n                    src=\"https:\/\/kinaos.be\/wp-content\/uploads\/2020\/05\/toa-heftiba-hBLf2nvp-Yc-unsplash-copie-300x151.jpg\"\r\n                    alt=\"\" width=\"300\" height=\"151\" srcset=\"https:\/\/kinaos.be\/wp-content\/uploads\/2020\/05\/toa-heftiba-hBLf2nvp-Yc-unsplash-copie-300x151.jpg 300w, https:\/\/kinaos.be\/wp-content\/uploads\/2020\/05\/toa-heftiba-hBLf2nvp-Yc-unsplash-copie.jpg 762w\" sizes=\"(max-width: 300px) 100vw, 300px\" \/><\/div>\r\n        <\/div>\r\n        <div class=\"middle-container\">\r\n            <h4>Les ann\u00e9es d\u2019exp\u00e9rience, les nombreuses formations suivies, le travail au sein d\u2019institutions sportives\r\n                de haut niveau (LBFA-CABW-RPHCN) me permettent d\u2019affiner au mieux mes traitements kin\u00e9 et d\u2019\u00eatre le plus\r\n                performant aussi bien en pr\u00e9ventif qu\u2019en curatif.<\/h4>\r\n            <h3>Voici les techniques classiques utilis\u00e9es<\/h3>\r\n            <p>R.P.G. (Cha\u00eenes musculaires), Crochetage, Ondes de choc, Taping.<\/p>\r\n            <h3>Voici les techniques sp\u00e9cifiques utilis\u00e9es<\/h3>\r\n            <div class=\"click element-to-click1\">\r\n\r\n                <img decoding=\"async\" class=\"plus\" src=\"https:\/\/kinaos.be\/wp-content\/uploads\/2020\/05\/sign.png\" alt=\"\" \/>\r\n                <h2>Fitlight training<\/h2>\r\n            <\/div>\r\n            <div class=\"to-display element-to-display1\">\r\n                <div class=\"activity-pic\"><img decoding=\"async\" src=\"https:\/\/kinaos.be\/wp-content\/uploads\/2020\/05\/kinaos-fitlight.jpg\"\r\n                        alt=\"\" \/><\/div>\r\n                <div class=\"activity-infos\">\r\n                    <h4>\u00ab R\u00e9volutionne la fa\u00e7on de t\u2019entra\u00eener \u00bb<\/h4>\r\n                    <p>Il s'agit d'un entra\u00eenement efficace des capacit\u00e9s de r\u00e9action, de la vitesse de connexion, de\r\n                        prise\r\n                        de d\u00e9cision et de l'am\u00e9lioration de la perception.\r\n                        Fitlight est utilis\u00e9 avec succ\u00e8s dans diff\u00e9rentes r\u00e9\u00e9ducations th\u00e9rapeutiques et pr\u00e9parations\r\n                        sp\u00e9cifiques des sportifs.<\/p>\r\n                    <p>Avec sa fonction de programmation individuelle, chaque traitement avec les pastilles lumineuses\r\n                        sera\r\n                        personnalisable et \u00e9volutif.<\/p>\r\n                    <p>Le traitement Fitlight n\u2019est pas exclusif, il se combine avec les autres techniques de\r\n                        r\u00e9\u00e9ducation.<\/p>\r\n\r\n\r\n                    <a href=\"https:\/\/www.fitlighttraining.com\">fitlighttraining.com<\/a>\r\n\r\n                <\/div>\r\n            <\/div>\r\n            <div class=\"click element-to-click2\">\r\n\r\n                <img decoding=\"async\" class=\"plus\" src=\"https:\/\/kinaos.be\/wp-content\/uploads\/2020\/05\/sign.png\" alt=\"\" \/>\r\n                <h2>Cupping Therapy (Techniques des Ventouses)<\/h2>\r\n            <\/div>\r\n            <div class=\"to-display element-to-display2\">\r\n                <div class=\"activity-pic\"><img decoding=\"async\" src=\"https:\/\/kinaos.be\/wp-content\/uploads\/2020\/05\/kinaos-cupping-1.jpg\"\r\n                        alt=\"\" \/>\r\n                    <img decoding=\"async\" src=\"https:\/\/kinaos.be\/wp-content\/uploads\/2020\/05\/kinaos-cupping-2.jpg\" alt=\"\" \/>\r\n                <\/div>\r\n                <div class=\"activity-infos\">\r\n                    <h4>\u00ab Recovery energetic therapy \u00bb<\/h4>\r\n                    <p>Issue de la m\u00e9decine traditionnelle chinoise, la technique consiste en l\u2019application de ventouses\r\n                        sur les secteurs douloureux tels que les muscles et tendons. Elle s\u2019appuie sur les\r\n                        caract\u00e9ristiques\r\n                        fonctionnelles de la peau (perm\u00e9abilit\u00e9 et porosit\u00e9) pour am\u00e9liorer l\u2019\u00e9limination des toxines,\r\n                        elle\r\n                        stimule \u00e9galement les points r\u00e9flexes des m\u00e9ridiens pour am\u00e9liorer le traitement de la douleur\r\n                        par\r\n                        une r\u00e9harmonisation des \u00e9nergies.<\/p>\r\n                    <p>Technique tr\u00e8s efficace chez les sportifs en mode pr\u00e9paration ou durant des p\u00e9riodes de forte\r\n                        intensit\u00e9 mais aussi chez des patients avec des douleurs chroniques pour permettre de\r\n                        d\u00e9sengorger\r\n                        les diff\u00e9rentes couches de tissus remplies de toxines douloureuses.<\/p>\r\n                    <p>La technique des ventouses est tr\u00e8s compl\u00e9mentaire avec les traitements kin\u00e9 et ost\u00e9o classiques.\r\n                    <\/p>\r\n                <\/div>\r\n            <\/div>\r\n            <div class=\"click element-to-click3\">\r\n                <img decoding=\"async\" class=\"plus\" src=\"https:\/\/kinaos.be\/wp-content\/uploads\/2020\/05\/sign.png\" alt=\"\" \/>\r\n                <h2>Analyse de la course<\/h2>\r\n            <\/div>\r\n            <div class=\"to-display element-to-display3\">\r\n                <div class=\"activity-pic\"><img decoding=\"async\"\r\n                        src=\"https:\/\/kinaos.be\/wp-content\/uploads\/2020\/05\/kinaos-analyse_de_course.jpg\" alt=\"\" \/><\/div>\r\n                <div class=\"activity-infos\">\r\n\t\t\t\t\t<h4>\u00ab Conseil dans le cheminement et le perfectionnement des coureurs \u00bb<\/h4>\r\n\t\t\t\t\t<p>Avec l\u2019explosion de l\u2019activit\u00e9 \u00ab jogging \u00bb, cette analyse de la course donne \u00e0 l\u2019athl\u00e8te la possibilit\u00e9 de pratiquer son sport dans les meilleures conditions possibles sans avoir d\u2019arr\u00eat li\u00e9 aux pathologies types de la course \u00e0 pied.<\/p>\r\n\t\t\t\t\t<p>En plus de cette attitude pr\u00e9ventive, notre approche adaptative permet aussi aux bless\u00e9s de rechausser les baskets avec s\u00e9r\u00e9nit\u00e9 et pouvoir \u00e0 nouveau performer par la suite.<\/p>\r\n<p>L\u2019analyse vid\u00e9o fine suivie d\u2019une discussion sur les adaptations \u00e0 donner (exercices sp\u00e9cifiques de correction, votre rythme de course, choix des chaussures\u2026) sont la base de ce travail de collaboration.<\/p>\r\n                <\/div>\r\n            <\/div>\r\n\r\n            <div class=\"click element-to-click4\">\r\n\r\n                <img decoding=\"async\" class=\"plus\" src=\"https:\/\/kinaos.be\/wp-content\/uploads\/2020\/05\/sign.png\" alt=\"\" \/>\r\n                <h2>Dry needling<\/h2>\r\n            <\/div>\r\n            <div class=\"to-display element-to-display4\">\r\n                <div class=\"activity-pic\">\r\n                    <img decoding=\"async\" src=\"https:\/\/kinaos.be\/wp-content\/uploads\/2023\/02\/image0-scaled.jpeg\" alt=\"\" \/>\r\n                <\/div>\r\n                <div class=\"activity-infos\">\r\n                    <p>Le Dry Needling, technique d'aiguilles s\u00e8ches, est utilis\u00e9 principalement pour traiter les points trigger myofasciaux et le fascia en les rel\u00e2chant. Suite \u00e0 une formation approfondie et professionnelle, le Dry Needling est un traitement s\u00fbre et safe.\r\nIl est un compl\u00e9ment de traitement tr\u00e8s efficace chez les patients et surtout les sportifs. <\/p>\r\n\r\n                <\/div>\r\n            <\/div>\r\n\r\n            <div class=\"click element-to-click5\">\r\n\r\n                <img decoding=\"async\" class=\"plus\" src=\"https:\/\/kinaos.be\/wp-content\/uploads\/2020\/05\/sign.png\" alt=\"\" \/>\r\n                <h2>\u00c9chographie MSK (musculo squelettique)<\/h2>\r\n            <\/div>\r\n            <div class=\"to-display element-to-display5\">\r\n                <div class=\"activity-pic\">\r\n                    <img decoding=\"async\" src=\"https:\/\/kinaos.be\/wp-content\/uploads\/2023\/02\/image3-scaled.jpeg\" alt=\"\" \/>\r\n                    <img decoding=\"async\" src=\"https:\/\/kinaos.be\/wp-content\/uploads\/2023\/02\/image4-scaled.jpeg\" alt=\"\" \/>\r\n                <\/div>\r\n                <div class=\"activity-infos\">\r\n                    <p>\u00c9chographie MSK (musculo squelettique) : suite \u00e0 une formation qualitative et pointue via\r\n                        l'organisme DYNAMECHO, une analyse fine des structures ost\u00e9o-articulaires et\r\n                        musculo-ligamentaires\r\n                        des membres inf\u00e9rieurs et sup\u00e9rieurs permet dans la pratique d'affiner de mani\u00e8re objective et\r\n                        constructive l'\u00e9laboration des traitements en corr\u00e9lation avec le travail initial de palpation,\r\n                        testing et bilan r\u00e9alis\u00e9s chez le patient.<\/p>\r\n                <\/div>\r\n            <\/div>\r\n            <!-- <h3>Tarifs<\/h3>\r\n            <p class=\"third-para\"><span class=\"bold\">Kin\u00e9<\/span> 25\u20ac\/s\u00e9ance<span class=\"blue\"> | <\/span><span\r\n                    class=\"bold\">Analyse de la course<\/span> 60\u20ac\/1h<span class=\"blue\"> | <\/span><span\r\n                    class=\"bold\">Recovery care (massage-crochetage-ventouses)<\/span> 50\u20ac \/s\u00e9ance -->\r\n\r\n            <button><a href=\"#contact-anchor\">Prendre rendez-vous<\/a><\/button>\r\n\r\n        <\/div>\r\n    <\/div>\r\n    <!--THIRDBLOCK SECOND-->\r\n    <div id=\"osteopathie-anchor\"><\/div>\r\n    <div class=\"third-block-main-container\" data-aos=\"fade-up\" data-aos-duration=\"1000\">\r\n        <div class=\"third-block-two-elements\">\r\n            <div class=\"text-container\">\r\n                <h2>Ost\u00e9opathie<\/h2>\r\n                <h3>Fran\u00e7ois Allard<\/h3>\r\n                <img decoding=\"async\" class=\"third-picto\" src=\"https:\/\/kinaos.be\/wp-content\/uploads\/2020\/05\/kinaos-osteopathie-white.png\"\r\n                    alt=\"\" \/>\r\n\r\n            <\/div>\r\n            <div class=\"pic-container\"><img decoding=\"async\" src=\"https:\/\/kinaos.be\/wp-content\/uploads\/2020\/05\/joyce-mccown-scaled.jpg\"\r\n                    alt=\"\" \/><\/div>\r\n        <\/div>\r\n        <div class=\"middle-container\">\r\n            <h4>\u00ab L\u2019ost\u00e9opathie est une science, un art et une philosophie \u00bb<\/h4>\r\n            <p>L\u2019ost\u00e9opathie voit le corps humain comme une unit\u00e9 qui fonctionne comme un ensemble.\r\n                Le fondement de l\u2019ost\u00e9opathie est bas\u00e9 sur le maintien et la correction de la mobilit\u00e9 n\u00e9cessaire et\r\n                l\u2019harmonie des diff\u00e9rents syst\u00e8mes du corps.<\/p>\r\n            <p>Nous travaillons uniquement avec les mains pour enlever les blocages, drainer les organes et am\u00e9liorer la\r\n                conduction neurologique. Avec cette approche, les m\u00e9canismes autor\u00e9gulateurs du corps sont stimul\u00e9s,\r\n                l\u2019immunit\u00e9 est am\u00e9lior\u00e9e et les plaintes disparaissent.<\/p>\r\n            <p>La vision de l\u2019ost\u00e9opathie se m\u00e9lange parfaitement bien aux diff\u00e9rentes contraintes li\u00e9es \u00e0 l\u2019activit\u00e9\r\n                sportive. En suivi pr\u00e9ventif ou en r\u00e9\u00e9ducation, elle apportera un plus pour le sportif.<\/p>\r\n            <!-- <h3>Tarifs<\/h3>\r\n            <p class=\"third-para\"><span class=\"bold\">Ost\u00e9opathie<\/span> 40\u20ac\/s\u00e9ance<\/p>-->\r\n            <button><a href=\"#contact-anchor\">Prendre rendez-vous<\/a><\/button> \r\n        <\/div>\r\n    <\/div>\r\n    <!--THIRDBLOCK THIRD-->\r\n    <div id=\"medecine-sport-anchor\"><\/div>\r\n    <div class=\"third-block-main-container\" style=\"margin-bottom: 0;\" data-aos=\"fade-up\" data-aos-duration=\"1000\">\r\n        <div class=\"third-block-two-elements\">\r\n            <div class=\"text-container\">\r\n                <h2>M\u00e9decine du sport<\/h2>\r\n                <h3>Guillaume Naveau<\/h3>\r\n                <img decoding=\"async\" class=\"third-picto\"\r\n                    src=\"https:\/\/kinaos.be\/wp-content\/uploads\/2020\/05\/kinaos-medecine_du_sport-white.png\" alt=\"\" \/>\r\n\r\n            <\/div>\r\n            <div class=\"pic-container\"><img decoding=\"async\"\r\n                    src=\"https:\/\/kinaos.be\/wp-content\/uploads\/2020\/05\/toa-heftiba-a9pFSC8dTlo-unsplash-scaled.jpg\"\r\n                    alt=\"\" \/><\/div>\r\n        <\/div>\r\n        <div class=\"middle-container\">\r\n            <h4>M\u00e9decin g\u00e9n\u00e9raliste depuis plus de 15ans, sportif dans l\u2019\u00e2me, j\u2019avais l\u2019envie de lier les deux. Chose\r\n                faite en 2019 avec la r\u00e9ussite de mon Certificat Inter-Universitaire en M\u00e9decine du Sport\r\n                UCLouvain-ULiege.<\/h4>\r\n            <p>Le m\u00e9decin du sport a son r\u00f4le dans la pr\u00e9vention, le diagnostic - suivi - traitement des l\u00e9sions\r\n                sp\u00e9cifiques au sport, mais aussi dans l\u2019encadrement du sportif lors de ses entra\u00eenements ou\r\n                comp\u00e9titions,\r\n                qu\u2019il soit amateur ou professionnel.<\/p>\r\n\r\n            <button><a class=\"_ps2id\" href=\"https:\/\/www.docteurnaveau.be\" data-ps2id-offset=\"\">Prendre rendez-vous<\/a><a\r\n                    href=\"www.Docteurnaveau.be \"><img loading=\"lazy\" decoding=\"async\" class=\"picto-btn alignnone\"\r\n                        src=\"https:\/\/kinaos.be\/wp-content\/uploads\/2020\/05\/picto_ubiclic.png\" alt=\"\" width=\"433\"\r\n                        height=\"368\" \/><\/a><\/button>\r\n\r\n        <\/div>\r\n    <\/div>\r\n    <div id=\"podologie-anchor\"><\/div>\r\n    <div class=\"third-block-main-container\" style=\"margin-bottom: 0;\" data-aos=\"fade-up\" data-aos-duration=\"1000\">\r\n        <div class=\"third-block-two-elements\">\r\n            <div class=\"text-container\">\r\n                <h2>Podologie<\/h2>\r\n                <h3>Martin Beirnaert<\/h3>\r\n                <img decoding=\"async\" class=\"third-picto\" src=\"https:\/\/kinaos.be\/wp-content\/uploads\/2023\/03\/kinaos-podologie-white-1.png\"\r\n                    alt=\"\" \/>\r\n\r\n            <\/div>\r\n            <div class=\"pic-container\"><img decoding=\"async\"\r\n                    src=\"https:\/\/kinaos.be\/wp-content\/uploads\/2023\/03\/jakob-owens-A4579vLezz8-unsplash-scaled.jpg\"\r\n                    alt=\"\" \/><\/div>\r\n        <\/div>\r\n        <div class=\"middle-container\">\r\n            <p>La podologie est une sp\u00e9cialit\u00e9 param\u00e9dicale qui s'int\u00e9resse \u00e0 l'\u00e9tude du pied dans sa globalit\u00e9, son\r\n                impact\r\n                sur le corps et au traitement de ses pathologies.<\/p>\r\n            <ul>\r\n                <li>Analyse de la posture\/ de la marche et de la course<\/li>\r\n                <li>Pr\u00e9vention des blessures du sportif<\/li>\r\n                <li>Traitement des pathologies chroniques\/tendinopathies\/pathologies de croissances<\/li>\r\n            <\/ul>\r\n            <button><a href=\"#contact-podo-anchor\">Prendre rendez-vous<\/a><\/button> \r\n        <\/div>\r\n    <\/div>\r\n<\/section><!--==============FOURTH BLOCK====================-->\r\n\r\n<section class=\"fourth-block\" data-aos=\"fade-up\" data-aos-duration=\"1000\">\r\n    <div class=\"fourth-block-pics-container\">\r\n        <div class=\"pic\"><img decoding=\"async\" src=\"https:\/\/kinaos.be\/wp-content\/uploads\/2020\/05\/kinaos-3.jpg\" alt=\"\" \/><\/div>\r\n        <div class=\"pic\"><img decoding=\"async\" src=\"https:\/\/kinaos.be\/wp-content\/uploads\/2020\/05\/kinaos-2.jpg\" alt=\"\" \/><\/div>\r\n        <div class=\"pic\"><img decoding=\"async\" src=\"https:\/\/kinaos.be\/wp-content\/uploads\/2020\/05\/kinaos-1.jpg\" alt=\"\" \/><\/div>\r\n    <\/div>\r\n    <div id=\"equipe-anchor\"><\/div>\r\n    <h2>Qui sommes-nous<\/h2>\r\n    <h3>La passion du sport, l\u2019int\u00e9r\u00eat du mouvement et la connaissance du corps sont les moteurs de notre vision globale\r\n        du travail avec les patients.<\/h3>\r\n    <div class=\"fourth-block-coach-div\">\r\n        <div class=\"coach-element\">\r\n\r\n            <img decoding=\"async\" class=\"profile-pic\" src=\"https:\/\/kinaos.be\/wp-content\/uploads\/2020\/05\/kinaos-francois-allard.jpg\"\r\n                alt=\"\" \/>\r\n            <h3>Fran\u00e7ois Allard<\/h3>\r\n            <p>Kin\u00e9sith\u00e9rapeute sp\u00e9cialis\u00e9 dans le sportOst\u00e9opathe D.O.<\/p>\r\n\r\n            <a href=\"https:\/\/be.linkedin.com\/in\/fran%C3%A7ois-allard-b5409469\" target=\"_blank\" rel=\"noopener noreferrer\"><img decoding=\"async\" class=\"linkedin-logo\"\r\n                    src=\"https:\/\/kinaos.be\/wp-content\/uploads\/2020\/05\/logotype.png\" alt=\"\" \/><\/a>\r\n\r\n        <\/div>\r\n        <div class=\"coach-element\">\r\n\r\n            <img decoding=\"async\" class=\"profile-pic\" src=\"https:\/\/kinaos.be\/wp-content\/uploads\/2020\/05\/kinaos-guillaume-naveau.jpg\"\r\n                alt=\"\" \/>\r\n            <h3>Guillaume Naveau<\/h3>\r\n            <p>M\u00e9decin du sport<\/p>\r\n\r\n            <a style=\"display: none;\" target=\"_blank\" rel=\"noopener noreferrer\"><img decoding=\"async\" class=\"linkedin-logo\"\r\n                    src=\"https:\/\/kinaos.be\/wp-content\/uploads\/2020\/05\/logotype.png\" alt=\"\" \/><\/a>\r\n\r\n        <\/div>\r\n\r\n        <div class=\"coach-element\">\r\n\r\n            <img decoding=\"async\" class=\"profile-pic\" src=\"https:\/\/kinaos.be\/wp-content\/uploads\/2023\/02\/BEIRNAERT-Martin-scaled.jpeg\"\r\n                alt=\"\" \/>\r\n            <h3>Martin Beirnaert<\/h3>\r\n            <p>Podologue<\/p>\r\n            <p><a href=\"tel:+32471996947\">+32471996947<\/a><\/p>\r\n            <p><a href=\"mailto:martin.beirnaert@gmail.com\">martin.beirnaert@gmail.com<\/a><\/p>\r\n        <\/div>\r\n    <\/div>\r\n    <div id=\"contact-anchor\"><\/div>\r\n    <div class=\"fourth-section-two-blocks-container\">\r\n        <div class=\"block-1 blocks\">\r\n            <h4>Prendre rendez-vous<\/h4>\r\n            <h2>Kin\u00e9sith\u00e9rapie du sport et ost\u00e9opathie<\/h2>\r\n            <p>Fran\u00e7ois Allard<\/p>\r\n            <p><a href=\"tel:+32476865043\">+32 476 86.50.43<\/a><\/p>\r\n            <p><a href=\"mailto:kinaos.allard@gmail.com\">kinaos.allard@gmail.com<\/a><\/p>\r\n            <p><a href=\"https:\/\/www.google.com\/maps\/place\/All%C3%A9e+Arthur+Masson,+1400+Nivelles\/data=!4m2!3m1!1s0x47c3ccd6767253d3:0x7de214ef4c453400?sa=X&amp;ved=2ahUKEwiFmbqFldbpAhUOsKQKHVP0ANYQ8gEwAHoECAsQAQ\" target=\"_blank\" rel=\"noopener noreferrer\">All\u00e9e Arthur Masson 28 1400 Nivelles<\/a><\/p>\r\n\r\n\r\n        <\/div>\r\n        <div class=\"block-2 blocks\">\r\n            <h4>Prendre rendez-vous<\/h4>\r\n            <h2>M\u00e9decine du sport<\/h2>\r\n            <p>Guillaume Naveau<\/p>\r\n            <a href=\"https:\/\/www.docteurnaveau.be\">Prendre rendez-vous<img decoding=\"async\" class=\"picto-btn alignnone\"\r\n                    src=\"https:\/\/kinaos.be\/wp-content\/uploads\/2020\/05\/picto_ubiclic.png\" alt=\"\"><\/a>\r\n        <\/div>\r\n\r\n        <div class=\"block-3 blocks\">\r\n\t\t\t\t\t    <div id=\"contact-podo-anchor\"><\/div>\r\n            <p>Martin Beirnaert<\/p>\r\n            <h2>Podologie<\/h2>\r\n            <p><a href=\"tel:+32471996947\">+32 471 99.69.47<\/a><\/p>\r\n            <p><a href=\"mailto:martin.beirnaert@gmail.com\">martin.beirnaert@gmail.com<\/a><\/p>\r\n        <\/div>\r\n    <\/div>\r\n<\/section><!--==============FOURTH BLOCK====================-->\r\n\r\n<section class=\"fifth-block\"><iframe loading=\"lazy\" style=\"border: 0;\" tabindex=\"0\"\r\n        src=\"https:\/\/www.google.com\/maps\/embed?pb=!1m18!1m12!1m3!1d2532.2467155348922!2d4.3170268157369796!3d50.60395297949679!2m3!1f0!2f0!3f0!3m2!1i1024!2i768!4f13.1!3m3!1m2!1s0x47c3ccd67bea2dcb%3A0x56df33c68a93a64c!2sKinaos!5e0!3m2!1sfr!2sbe!4v1590484546162!5m2!1sfr!2sbe\"\r\n        width=\"100%\" height=\"350\" frameborder=\"0\" allowfullscreen=\"allowfullscreen\" aria-hidden=\"false\"><\/iframe>\r\n<\/section>\n","protected":false},"excerpt":{"rendered":"","protected":false},"author":1,"featured_media":0,"parent":0,"menu_order":0,"comment_status":"closed","ping_status":"closed","template":"","meta":{"footnotes":""},"_links":{"self":[{"href":"https:\/\/kinaos.be\/index.php\/wp-json\/wp\/v2\/pages\/7"}],"collection":[{"href":"https:\/\/kinaos.be\/index.php\/wp-json\/wp\/v2\/pages"}],"about":[{"href":"https:\/\/kinaos.be\/index.php\/wp-json\/wp\/v2\/types\/page"}],"author":[{"embeddable":true,"href":"https:\/\/kinaos.be\/index.php\/wp-json\/wp\/v2\/users\/1"}],"replies":[{"embeddable":true,"href":"https:\/\/kinaos.be\/index.php\/wp-json\/wp\/v2\/comments?post=7"}],"version-history":[{"count":119,"href":"https:\/\/kinaos.be\/index.php\/wp-json\/wp\/v2\/pages\/7\/revisions"}],"predecessor-version":[{"id":194,"href":"https:\/\/kinaos.be\/index.php\/wp-json\/wp\/v2\/pages\/7\/revisions\/194"}],"wp:attachment":[{"href":"https:\/\/kinaos.be\/index.php\/wp-json\/wp\/v2\/media?parent=7"}],"curies":[{"name":"wp","href":"https:\/\/api.w.org\/{rel}","templated":true}]}}